{"id":2420,"date":"2024-08-05T06:20:42","date_gmt":"2024-08-05T05:20:42","guid":{"rendered":"https:\/\/juventudvallekas.com\/?post_type=product&#038;p=2420"},"modified":"2025-11-17T10:03:17","modified_gmt":"2025-11-17T09:03:17","slug":"sudadera-azul","status":"publish","type":"product","link":"https:\/\/juventudvallekas.com\/index.php\/producto\/sudadera-azul\/","title":{"rendered":"Sudadera azul fluor"},"content":{"rendered":"","protected":false},"excerpt":{"rendered":"<p>Sudadera azul<\/p>\n<ul>\n<li>Composici\u00f3n: 100% poli\u00e9ster<\/li>\n<li>Tejido t\u00e9cnico<\/li>\n<li><a href='https:\/\/juventudvallekas.com\/index.php\/guia-de-tallas\/' class='small-button smalllightblue' target=\"_blank\">Gu\u00eda de Tallas<\/a><\/li>\n<\/ul>\n","protected":false},"featured_media":2415,"template":"","meta":{"_et_pb_use_builder":"","_et_pb_old_content":"","_et_gb_content_width":""},"product_brand":[],"product_cat":[43],"product_tag":[],"class_list":{"0":"post-2420","1":"product","2":"type-product","3":"status-publish","4":"has-post-thumbnail","6":"product_cat-material-20-21","8":"first","9":"instock","10":"shipping-taxable","11":"purchasable","12":"product-type-variable"},"yoast_head":"<!-- This site is optimized with the Yoast SEO plugin v27.4 - https:\/\/yoast.com\/product\/yoast-seo-wordpress\/ -->\n<title>Sudadera azul fluor - juventudvallekas.com<\/title>\n<meta name=\"robots\" content=\"index, follow, max-snippet:-1, max-image-preview:large, max-video-preview:-1\" \/>\n<link rel=\"canonical\" href=\"https:\/\/juventudvallekas.com\/index.php\/producto\/sudadera-azul\/\" \/>\n<meta property=\"og:locale\" content=\"es_ES\" \/>\n<meta property=\"og:type\" content=\"article\" \/>\n<meta property=\"og:title\" content=\"Sudadera azul fluor - juventudvallekas.com\" \/>\n<meta property=\"og:description\" content=\"Sudadera azul   Composici\u00f3n: 100% poli\u00e9ster  Tejido t\u00e9cnico\" \/>\n<meta property=\"og:url\" content=\"https:\/\/juventudvallekas.com\/index.php\/producto\/sudadera-azul\/\" \/>\n<meta property=\"og:site_name\" content=\"juventudvallekas.com\" \/>\n<meta property=\"article:modified_time\" content=\"2025-11-17T09:03:17+00:00\" \/>\n<meta property=\"og:image\" content=\"http:\/\/juventudvallekas.com\/wp-content\/uploads\/2022\/05\/SDS-100.jpg\" \/>\n\t<meta property=\"og:image:width\" content=\"801\" \/>\n\t<meta property=\"og:image:height\" content=\"800\" \/>\n\t<meta property=\"og:image:type\" content=\"image\/jpeg\" \/>\n<meta name=\"twitter:card\" content=\"summary_large_image\" \/>\n<meta name=\"twitter:site\" content=\"@GuillenPrim\" \/>\n<meta name=\"twitter:label1\" content=\"Tiempo de lectura\" \/>\n\t<meta name=\"twitter:data1\" content=\"1 minuto\" \/>\n<script type=\"application\/ld+json\" class=\"yoast-schema-graph\">{\"@context\":\"https:\\\/\\\/schema.org\",\"@graph\":[{\"@type\":\"WebPage\",\"@id\":\"https:\\\/\\\/juventudvallekas.com\\\/index.php\\\/producto\\\/sudadera-azul\\\/\",\"url\":\"https:\\\/\\\/juventudvallekas.com\\\/index.php\\\/producto\\\/sudadera-azul\\\/\",\"name\":\"Sudadera azul fluor - juventudvallekas.com\",\"isPartOf\":{\"@id\":\"https:\\\/\\\/juventudvallekas.com\\\/#website\"},\"primaryImageOfPage\":{\"@id\":\"https:\\\/\\\/juventudvallekas.com\\\/index.php\\\/producto\\\/sudadera-azul\\\/#primaryimage\"},\"image\":{\"@id\":\"https:\\\/\\\/juventudvallekas.com\\\/index.php\\\/producto\\\/sudadera-azul\\\/#primaryimage\"},\"thumbnailUrl\":\"https:\\\/\\\/juventudvallekas.com\\\/wp-content\\\/uploads\\\/2022\\\/05\\\/SDS-100.jpg\",\"datePublished\":\"2024-08-05T05:20:42+00:00\",\"dateModified\":\"2025-11-17T09:03:17+00:00\",\"breadcrumb\":{\"@id\":\"https:\\\/\\\/juventudvallekas.com\\\/index.php\\\/producto\\\/sudadera-azul\\\/#breadcrumb\"},\"inLanguage\":\"es\",\"potentialAction\":[{\"@type\":\"ReadAction\",\"target\":[\"https:\\\/\\\/juventudvallekas.com\\\/index.php\\\/producto\\\/sudadera-azul\\\/\"]}]},{\"@type\":\"ImageObject\",\"inLanguage\":\"es\",\"@id\":\"https:\\\/\\\/juventudvallekas.com\\\/index.php\\\/producto\\\/sudadera-azul\\\/#primaryimage\",\"url\":\"https:\\\/\\\/juventudvallekas.com\\\/wp-content\\\/uploads\\\/2022\\\/05\\\/SDS-100.jpg\",\"contentUrl\":\"https:\\\/\\\/juventudvallekas.com\\\/wp-content\\\/uploads\\\/2022\\\/05\\\/SDS-100.jpg\",\"width\":801,\"height\":800},{\"@type\":\"BreadcrumbList\",\"@id\":\"https:\\\/\\\/juventudvallekas.com\\\/index.php\\\/producto\\\/sudadera-azul\\\/#breadcrumb\",\"itemListElement\":[{\"@type\":\"ListItem\",\"position\":1,\"name\":\"Portada\",\"item\":\"https:\\\/\\\/juventudvallekas.com\\\/\"},{\"@type\":\"ListItem\",\"position\":2,\"name\":\"Sudadera azul fluor\"}]},{\"@type\":\"WebSite\",\"@id\":\"https:\\\/\\\/juventudvallekas.com\\\/#website\",\"url\":\"https:\\\/\\\/juventudvallekas.com\\\/\",\"name\":\"juventudvallekas.com\",\"description\":\"Juventud Vallekas\",\"publisher\":{\"@id\":\"https:\\\/\\\/juventudvallekas.com\\\/#organization\"},\"potentialAction\":[{\"@type\":\"SearchAction\",\"target\":{\"@type\":\"EntryPoint\",\"urlTemplate\":\"https:\\\/\\\/juventudvallekas.com\\\/?s={search_term_string}\"},\"query-input\":{\"@type\":\"PropertyValueSpecification\",\"valueRequired\":true,\"valueName\":\"search_term_string\"}}],\"inLanguage\":\"es\"},{\"@type\":\"Organization\",\"@id\":\"https:\\\/\\\/juventudvallekas.com\\\/#organization\",\"name\":\"JUVENTUD VALLEKAS\",\"url\":\"https:\\\/\\\/juventudvallekas.com\\\/\",\"logo\":{\"@type\":\"ImageObject\",\"inLanguage\":\"es\",\"@id\":\"https:\\\/\\\/juventudvallekas.com\\\/#\\\/schema\\\/logo\\\/image\\\/\",\"url\":\"http:\\\/\\\/juventudvallekas.com\\\/wp-content\\\/uploads\\\/2021\\\/01\\\/cropped-PRIM-COLOR-TRANSPARENTE.png\",\"contentUrl\":\"http:\\\/\\\/juventudvallekas.com\\\/wp-content\\\/uploads\\\/2021\\\/01\\\/cropped-PRIM-COLOR-TRANSPARENTE.png\",\"width\":512,\"height\":512,\"caption\":\"JUVENTUD VALLEKAS\"},\"image\":{\"@id\":\"https:\\\/\\\/juventudvallekas.com\\\/#\\\/schema\\\/logo\\\/image\\\/\"},\"sameAs\":[\"https:\\\/\\\/x.com\\\/GuillenPrim\",\"https:\\\/\\\/www.instagram.com\\\/epmiguelguillenprim\\\/?hl=es\",\"https:\\\/\\\/www.youtube.com\\\/channel\\\/UCWEGj4-4BvuqM4M3KmCPM6Q\"]}]}<\/script>\n<!-- \/ Yoast SEO plugin. -->","yoast_head_json":{"title":"Sudadera azul fluor - juventudvallekas.com","robots":{"index":"index","follow":"follow","max-snippet":"max-snippet:-1","max-image-preview":"max-image-preview:large","max-video-preview":"max-video-preview:-1"},"canonical":"https:\/\/juventudvallekas.com\/index.php\/producto\/sudadera-azul\/","og_locale":"es_ES","og_type":"article","og_title":"Sudadera azul fluor - juventudvallekas.com","og_description":"Sudadera azul   Composici\u00f3n: 100% poli\u00e9ster  Tejido t\u00e9cnico","og_url":"https:\/\/juventudvallekas.com\/index.php\/producto\/sudadera-azul\/","og_site_name":"juventudvallekas.com","article_modified_time":"2025-11-17T09:03:17+00:00","og_image":[{"width":801,"height":800,"url":"http:\/\/juventudvallekas.com\/wp-content\/uploads\/2022\/05\/SDS-100.jpg","type":"image\/jpeg"}],"twitter_card":"summary_large_image","twitter_site":"@GuillenPrim","twitter_misc":{"Tiempo de lectura":"1 minuto"},"schema":{"@context":"https:\/\/schema.org","@graph":[{"@type":"WebPage","@id":"https:\/\/juventudvallekas.com\/index.php\/producto\/sudadera-azul\/","url":"https:\/\/juventudvallekas.com\/index.php\/producto\/sudadera-azul\/","name":"Sudadera azul fluor - juventudvallekas.com","isPartOf":{"@id":"https:\/\/juventudvallekas.com\/#website"},"primaryImageOfPage":{"@id":"https:\/\/juventudvallekas.com\/index.php\/producto\/sudadera-azul\/#primaryimage"},"image":{"@id":"https:\/\/juventudvallekas.com\/index.php\/producto\/sudadera-azul\/#primaryimage"},"thumbnailUrl":"https:\/\/juventudvallekas.com\/wp-content\/uploads\/2022\/05\/SDS-100.jpg","datePublished":"2024-08-05T05:20:42+00:00","dateModified":"2025-11-17T09:03:17+00:00","breadcrumb":{"@id":"https:\/\/juventudvallekas.com\/index.php\/producto\/sudadera-azul\/#breadcrumb"},"inLanguage":"es","potentialAction":[{"@type":"ReadAction","target":["https:\/\/juventudvallekas.com\/index.php\/producto\/sudadera-azul\/"]}]},{"@type":"ImageObject","inLanguage":"es","@id":"https:\/\/juventudvallekas.com\/index.php\/producto\/sudadera-azul\/#primaryimage","url":"https:\/\/juventudvallekas.com\/wp-content\/uploads\/2022\/05\/SDS-100.jpg","contentUrl":"https:\/\/juventudvallekas.com\/wp-content\/uploads\/2022\/05\/SDS-100.jpg","width":801,"height":800},{"@type":"BreadcrumbList","@id":"https:\/\/juventudvallekas.com\/index.php\/producto\/sudadera-azul\/#breadcrumb","itemListElement":[{"@type":"ListItem","position":1,"name":"Portada","item":"https:\/\/juventudvallekas.com\/"},{"@type":"ListItem","position":2,"name":"Sudadera azul fluor"}]},{"@type":"WebSite","@id":"https:\/\/juventudvallekas.com\/#website","url":"https:\/\/juventudvallekas.com\/","name":"juventudvallekas.com","description":"Juventud Vallekas","publisher":{"@id":"https:\/\/juventudvallekas.com\/#organization"},"potentialAction":[{"@type":"SearchAction","target":{"@type":"EntryPoint","urlTemplate":"https:\/\/juventudvallekas.com\/?s={search_term_string}"},"query-input":{"@type":"PropertyValueSpecification","valueRequired":true,"valueName":"search_term_string"}}],"inLanguage":"es"},{"@type":"Organization","@id":"https:\/\/juventudvallekas.com\/#organization","name":"JUVENTUD VALLEKAS","url":"https:\/\/juventudvallekas.com\/","logo":{"@type":"ImageObject","inLanguage":"es","@id":"https:\/\/juventudvallekas.com\/#\/schema\/logo\/image\/","url":"http:\/\/juventudvallekas.com\/wp-content\/uploads\/2021\/01\/cropped-PRIM-COLOR-TRANSPARENTE.png","contentUrl":"http:\/\/juventudvallekas.com\/wp-content\/uploads\/2021\/01\/cropped-PRIM-COLOR-TRANSPARENTE.png","width":512,"height":512,"caption":"JUVENTUD VALLEKAS"},"image":{"@id":"https:\/\/juventudvallekas.com\/#\/schema\/logo\/image\/"},"sameAs":["https:\/\/x.com\/GuillenPrim","https:\/\/www.instagram.com\/epmiguelguillenprim\/?hl=es","https:\/\/www.youtube.com\/channel\/UCWEGj4-4BvuqM4M3KmCPM6Q"]}]}},"_links":{"self":[{"href":"https:\/\/juventudvallekas.com\/index.php\/wp-json\/wp\/v2\/product\/2420","targetHints":{"allow":["GET"]}}],"collection":[{"href":"https:\/\/juventudvallekas.com\/index.php\/wp-json\/wp\/v2\/product"}],"about":[{"href":"https:\/\/juventudvallekas.com\/index.php\/wp-json\/wp\/v2\/types\/product"}],"wp:featuredmedia":[{"embeddable":true,"href":"https:\/\/juventudvallekas.com\/index.php\/wp-json\/wp\/v2\/media\/2415"}],"wp:attachment":[{"href":"https:\/\/juventudvallekas.com\/index.php\/wp-json\/wp\/v2\/media?parent=2420"}],"wp:term":[{"taxonomy":"product_brand","embeddable":true,"href":"https:\/\/juventudvallekas.com\/index.php\/wp-json\/wp\/v2\/product_brand?post=2420"},{"taxonomy":"product_cat","embeddable":true,"href":"https:\/\/juventudvallekas.com\/index.php\/wp-json\/wp\/v2\/product_cat?post=2420"},{"taxonomy":"product_tag","embeddable":true,"href":"https:\/\/juventudvallekas.com\/index.php\/wp-json\/wp\/v2\/product_tag?post=2420"}],"curies":[{"name":"wp","href":"https:\/\/api.w.org\/{rel}","templated":true}]}}