{"id":494,"date":"2021-01-24T13:28:45","date_gmt":"2021-01-24T12:28:45","guid":{"rendered":"http:\/\/juventudvallekas.com\/?page_id=494"},"modified":"2021-01-24T13:42:17","modified_gmt":"2021-01-24T12:42:17","slug":"plantilla-juvenil-preferente","status":"publish","type":"page","link":"https:\/\/juventudvallekas.com\/index.php\/plantilla-juvenil-preferente\/","title":{"rendered":"PLANTILLA JUVENIL PREFERENTE"},"content":{"rendered":"<p>[et_pb_section fb_built=&#8221;1&#8243; _builder_version=&#8221;4.7.7&#8243; _module_preset=&#8221;default&#8221;][et_pb_row _builder_version=&#8221;4.7.7&#8243; _module_preset=&#8221;default&#8221;][et_pb_column type=&#8221;4_4&#8243; _builder_version=&#8221;4.7.7&#8243; _module_preset=&#8221;default&#8221;][et_pb_text _builder_version=&#8221;4.7.7&#8243; _module_preset=&#8221;default&#8221; text_font=&#8221;Alata||||||||&#8221; text_font_size=&#8221;17px&#8221; header_font_size=&#8221;41px&#8221; text_orientation=&#8221;center&#8221; border_width_top=&#8221;5px&#8221; border_color_top=&#8221;#FFD900&#8243; border_width_bottom=&#8221;5px&#8221; border_color_bottom=&#8221;#00BAEE&#8221;]<\/p>\n<h1><\/h1>\n<h1>PLANTILLA JUVENIL PREFERENTE<\/h1>\n<p>[\/et_pb_text][\/et_pb_column][\/et_pb_row][et_pb_row _builder_version=&#8221;4.7.7&#8243; _module_preset=&#8221;default&#8221;][et_pb_column _builder_version=&#8221;4.7.7&#8243; _module_preset=&#8221;default&#8221; type=&#8221;4_4&#8243;][et_pb_image src=&#8221;http:\/\/juventudvallekas.com\/wp-content\/uploads\/2021\/01\/IMG-20201221-WA0260.jpg&#8221; _builder_version=&#8221;4.7.7&#8243; _module_preset=&#8221;default&#8221; alt=&#8221;Plantilla Juvenil Preferente&#8221; title_text=&#8221;Plantilla Juvenil Preferente&#8221; hover_enabled=&#8221;0&#8243; sticky_enabled=&#8221;0&#8243; custom_margin=&#8221;1px|||||&#8221;][\/et_pb_image][\/et_pb_column][\/et_pb_row][et_pb_row _builder_version=&#8221;4.7.7&#8243; _module_preset=&#8221;default&#8221; column_structure=&#8221;1_3,1_3,1_3&#8243; hover_enabled=&#8221;0&#8243; sticky_enabled=&#8221;0&#8243; disabled_on=&#8221;off|off|off&#8221; custom_padding=&#8221;0px||0px|||&#8221;][et_pb_column _builder_version=&#8221;4.7.7&#8243; _module_preset=&#8221;default&#8221; type=&#8221;1_3&#8243;][\/et_pb_column][et_pb_column _builder_version=&#8221;4.7.7&#8243; _module_preset=&#8221;default&#8221; type=&#8221;1_3&#8243;][et_pb_text _builder_version=&#8221;4.7.7&#8243; _module_preset=&#8221;default&#8221; hover_enabled=&#8221;0&#8243; sticky_enabled=&#8221;0&#8243; width=&#8221;100%&#8221; custom_margin=&#8221;|59px||||&#8221; custom_padding=&#8221;0px|||||&#8221;]<\/p>\n<table style=\"width: 357px; height: 570px;\" height=\"567\">\n<tbody>\n<tr>\n<td style=\"width: 65px;\"><strong>1<\/strong><\/td>\n<td style=\"width: 291px;\">\u00c1LVARO ARAQUE ESPINOSA<\/td>\n<\/tr>\n<tr>\n<td style=\"width: 65px;\"><strong>7<\/strong><\/td>\n<td style=\"width: 291px;\">CHRISTIAN SANCHEZ BOYA<\/td>\n<\/tr>\n<tr>\n<td style=\"width: 65px;\"><strong>10<\/strong><\/td>\n<td style=\"width: 291px;\">IV\u00c1N RODELGO GARC\u00cdA-CANTARERO<\/td>\n<\/tr>\n<tr>\n<td style=\"width: 65px;\"><strong>14<\/strong><\/td>\n<td style=\"width: 291px;\">MIGUEL DEL PINO S\u00c1NCHEZ<\/td>\n<\/tr>\n<tr>\n<td style=\"width: 65px;\"><strong>15<\/strong><\/td>\n<td style=\"width: 291px;\">RUB\u00c9N RODR\u00cdGUEZ PENABAD<\/td>\n<\/tr>\n<tr>\n<td style=\"width: 65px;\"><strong>16<\/strong><\/td>\n<td style=\"width: 291px;\">GABRIEL S\u00c1NCHEZ ROBLES<\/td>\n<\/tr>\n<tr>\n<td style=\"width: 65px;\"><strong>19<\/strong><\/td>\n<td style=\"width: 291px;\">ALVARO LOPEZ PUEBLA<\/td>\n<\/tr>\n<tr>\n<td style=\"width: 65px;\"><strong>31<\/strong><\/td>\n<td style=\"width: 291px;\">DAVID MU\u00d1OZ VELO<\/td>\n<\/tr>\n<tr>\n<td style=\"width: 65px;\"><strong>48<\/strong><\/td>\n<td style=\"width: 291px;\">FRANCISCO D\u00cdAZ G\u00d3MEZ<\/td>\n<\/tr>\n<tr>\n<td style=\"width: 65px;\"><strong>54<\/strong><\/td>\n<td style=\"width: 291px;\">JAIME C\u00c1CERES YANES<\/td>\n<\/tr>\n<tr>\n<td style=\"width: 65px;\"><strong>72<\/strong><\/td>\n<td style=\"width: 291px;\">JAVIER RODRIGUEZ MARTIN<\/td>\n<\/tr>\n<tr>\n<td style=\"width: 65px;\"><strong>88<\/strong><\/td>\n<td style=\"width: 291px;\">PABLO SEGOVIA VILLA<\/td>\n<\/tr>\n<tr>\n<td style=\"width: 65px;\"><strong>98<\/strong><\/td>\n<td style=\"width: 291px;\">JAVIER BROX ALCA\u00d1IZ<\/td>\n<\/tr>\n<\/tbody>\n<\/table>\n<p>[\/et_pb_text][\/et_pb_column][et_pb_column _builder_version=&#8221;4.7.7&#8243; _module_preset=&#8221;default&#8221; type=&#8221;1_3&#8243;][\/et_pb_column][\/et_pb_row][\/et_pb_section]<\/p>\n","protected":false},"excerpt":{"rendered":"<p>PLANTILLA JUVENIL PREFERENTE 1 \u00c1LVARO ARAQUE ESPINOSA 7 CHRISTIAN SANCHEZ BOYA 10 IV\u00c1N RODELGO GARC\u00cdA-CANTARERO 14 MIGUEL DEL PINO S\u00c1NCHEZ 15 RUB\u00c9N RODR\u00cdGUEZ PENABAD 16 GABRIEL S\u00c1NCHEZ ROBLES 19 ALVARO LOPEZ PUEBLA 31 DAVID MU\u00d1OZ VELO 48 FRANCISCO D\u00cdAZ G\u00d3MEZ 54 JAIME C\u00c1CERES YANES 72 JAVIER RODRIGUEZ MARTIN 88 PABLO SEGOVIA VILLA 98 JAVIER BROX [&hellip;]<\/p>\n","protected":false},"author":1,"featured_media":0,"parent":0,"menu_order":0,"comment_status":"closed","ping_status":"closed","template":"","meta":{"_et_pb_use_builder":"on","_et_pb_old_content":"","_et_gb_content_width":"","footnotes":""},"class_list":["post-494","page","type-page","status-publish","hentry"],"yoast_head":"<!-- This site is optimized with the Yoast SEO plugin v27.4 - https:\/\/yoast.com\/product\/yoast-seo-wordpress\/ -->\n<title>PLANTILLA JUVENIL PREFERENTE - juventudvallekas.com<\/title>\n<meta name=\"robots\" content=\"noindex, nofollow\" \/>\n<meta property=\"og:locale\" content=\"es_ES\" \/>\n<meta property=\"og:type\" content=\"article\" \/>\n<meta property=\"og:title\" content=\"PLANTILLA JUVENIL PREFERENTE - juventudvallekas.com\" \/>\n<meta property=\"og:description\" content=\"PLANTILLA JUVENIL PREFERENTE 1 \u00c1LVARO ARAQUE ESPINOSA 7 CHRISTIAN SANCHEZ BOYA 10 IV\u00c1N RODELGO GARC\u00cdA-CANTARERO 14 MIGUEL DEL PINO S\u00c1NCHEZ 15 RUB\u00c9N RODR\u00cdGUEZ PENABAD 16 GABRIEL S\u00c1NCHEZ ROBLES 19 ALVARO LOPEZ PUEBLA 31 DAVID MU\u00d1OZ VELO 48 FRANCISCO D\u00cdAZ G\u00d3MEZ 54 JAIME C\u00c1CERES YANES 72 JAVIER RODRIGUEZ MARTIN 88 PABLO SEGOVIA VILLA 98 JAVIER BROX [&hellip;]\" \/>\n<meta property=\"og:url\" content=\"https:\/\/juventudvallekas.com\/index.php\/plantilla-juvenil-preferente\/\" \/>\n<meta property=\"og:site_name\" content=\"juventudvallekas.com\" \/>\n<meta property=\"article:modified_time\" content=\"2021-01-24T12:42:17+00:00\" \/>\n<meta name=\"twitter:card\" content=\"summary_large_image\" \/>\n<meta name=\"twitter:site\" content=\"@GuillenPrim\" \/>\n<script type=\"application\/ld+json\" class=\"yoast-schema-graph\">{\"@context\":\"https:\\\/\\\/schema.org\",\"@graph\":[{\"@type\":\"WebPage\",\"@id\":\"https:\\\/\\\/juventudvallekas.com\\\/index.php\\\/plantilla-juvenil-preferente\\\/\",\"url\":\"https:\\\/\\\/juventudvallekas.com\\\/index.php\\\/plantilla-juvenil-preferente\\\/\",\"name\":\"PLANTILLA JUVENIL PREFERENTE - juventudvallekas.com\",\"isPartOf\":{\"@id\":\"https:\\\/\\\/juventudvallekas.com\\\/#website\"},\"datePublished\":\"2021-01-24T12:28:45+00:00\",\"dateModified\":\"2021-01-24T12:42:17+00:00\",\"breadcrumb\":{\"@id\":\"https:\\\/\\\/juventudvallekas.com\\\/index.php\\\/plantilla-juvenil-preferente\\\/#breadcrumb\"},\"inLanguage\":\"es\",\"potentialAction\":[{\"@type\":\"ReadAction\",\"target\":[\"https:\\\/\\\/juventudvallekas.com\\\/index.php\\\/plantilla-juvenil-preferente\\\/\"]}]},{\"@type\":\"BreadcrumbList\",\"@id\":\"https:\\\/\\\/juventudvallekas.com\\\/index.php\\\/plantilla-juvenil-preferente\\\/#breadcrumb\",\"itemListElement\":[{\"@type\":\"ListItem\",\"position\":1,\"name\":\"Portada\",\"item\":\"https:\\\/\\\/juventudvallekas.com\\\/\"},{\"@type\":\"ListItem\",\"position\":2,\"name\":\"PLANTILLA JUVENIL PREFERENTE\"}]},{\"@type\":\"WebSite\",\"@id\":\"https:\\\/\\\/juventudvallekas.com\\\/#website\",\"url\":\"https:\\\/\\\/juventudvallekas.com\\\/\",\"name\":\"juventudvallekas.com\",\"description\":\"Juventud Vallekas\",\"publisher\":{\"@id\":\"https:\\\/\\\/juventudvallekas.com\\\/#organization\"},\"potentialAction\":[{\"@type\":\"SearchAction\",\"target\":{\"@type\":\"EntryPoint\",\"urlTemplate\":\"https:\\\/\\\/juventudvallekas.com\\\/?s={search_term_string}\"},\"query-input\":{\"@type\":\"PropertyValueSpecification\",\"valueRequired\":true,\"valueName\":\"search_term_string\"}}],\"inLanguage\":\"es\"},{\"@type\":\"Organization\",\"@id\":\"https:\\\/\\\/juventudvallekas.com\\\/#organization\",\"name\":\"JUVENTUD VALLEKAS\",\"url\":\"https:\\\/\\\/juventudvallekas.com\\\/\",\"logo\":{\"@type\":\"ImageObject\",\"inLanguage\":\"es\",\"@id\":\"https:\\\/\\\/juventudvallekas.com\\\/#\\\/schema\\\/logo\\\/image\\\/\",\"url\":\"http:\\\/\\\/juventudvallekas.com\\\/wp-content\\\/uploads\\\/2021\\\/01\\\/cropped-PRIM-COLOR-TRANSPARENTE.png\",\"contentUrl\":\"http:\\\/\\\/juventudvallekas.com\\\/wp-content\\\/uploads\\\/2021\\\/01\\\/cropped-PRIM-COLOR-TRANSPARENTE.png\",\"width\":512,\"height\":512,\"caption\":\"JUVENTUD VALLEKAS\"},\"image\":{\"@id\":\"https:\\\/\\\/juventudvallekas.com\\\/#\\\/schema\\\/logo\\\/image\\\/\"},\"sameAs\":[\"https:\\\/\\\/x.com\\\/GuillenPrim\",\"https:\\\/\\\/www.instagram.com\\\/epmiguelguillenprim\\\/?hl=es\",\"https:\\\/\\\/www.youtube.com\\\/channel\\\/UCWEGj4-4BvuqM4M3KmCPM6Q\"]}]}<\/script>\n<!-- \/ Yoast SEO plugin. -->","yoast_head_json":{"title":"PLANTILLA JUVENIL PREFERENTE - juventudvallekas.com","robots":{"index":"noindex","follow":"nofollow"},"og_locale":"es_ES","og_type":"article","og_title":"PLANTILLA JUVENIL PREFERENTE - juventudvallekas.com","og_description":"PLANTILLA JUVENIL PREFERENTE 1 \u00c1LVARO ARAQUE ESPINOSA 7 CHRISTIAN SANCHEZ BOYA 10 IV\u00c1N RODELGO GARC\u00cdA-CANTARERO 14 MIGUEL DEL PINO S\u00c1NCHEZ 15 RUB\u00c9N RODR\u00cdGUEZ PENABAD 16 GABRIEL S\u00c1NCHEZ ROBLES 19 ALVARO LOPEZ PUEBLA 31 DAVID MU\u00d1OZ VELO 48 FRANCISCO D\u00cdAZ G\u00d3MEZ 54 JAIME C\u00c1CERES YANES 72 JAVIER RODRIGUEZ MARTIN 88 PABLO SEGOVIA VILLA 98 JAVIER BROX [&hellip;]","og_url":"https:\/\/juventudvallekas.com\/index.php\/plantilla-juvenil-preferente\/","og_site_name":"juventudvallekas.com","article_modified_time":"2021-01-24T12:42:17+00:00","twitter_card":"summary_large_image","twitter_site":"@GuillenPrim","schema":{"@context":"https:\/\/schema.org","@graph":[{"@type":"WebPage","@id":"https:\/\/juventudvallekas.com\/index.php\/plantilla-juvenil-preferente\/","url":"https:\/\/juventudvallekas.com\/index.php\/plantilla-juvenil-preferente\/","name":"PLANTILLA JUVENIL PREFERENTE - juventudvallekas.com","isPartOf":{"@id":"https:\/\/juventudvallekas.com\/#website"},"datePublished":"2021-01-24T12:28:45+00:00","dateModified":"2021-01-24T12:42:17+00:00","breadcrumb":{"@id":"https:\/\/juventudvallekas.com\/index.php\/plantilla-juvenil-preferente\/#breadcrumb"},"inLanguage":"es","potentialAction":[{"@type":"ReadAction","target":["https:\/\/juventudvallekas.com\/index.php\/plantilla-juvenil-preferente\/"]}]},{"@type":"BreadcrumbList","@id":"https:\/\/juventudvallekas.com\/index.php\/plantilla-juvenil-preferente\/#breadcrumb","itemListElement":[{"@type":"ListItem","position":1,"name":"Portada","item":"https:\/\/juventudvallekas.com\/"},{"@type":"ListItem","position":2,"name":"PLANTILLA JUVENIL PREFERENTE"}]},{"@type":"WebSite","@id":"https:\/\/juventudvallekas.com\/#website","url":"https:\/\/juventudvallekas.com\/","name":"juventudvallekas.com","description":"Juventud Vallekas","publisher":{"@id":"https:\/\/juventudvallekas.com\/#organization"},"potentialAction":[{"@type":"SearchAction","target":{"@type":"EntryPoint","urlTemplate":"https:\/\/juventudvallekas.com\/?s={search_term_string}"},"query-input":{"@type":"PropertyValueSpecification","valueRequired":true,"valueName":"search_term_string"}}],"inLanguage":"es"},{"@type":"Organization","@id":"https:\/\/juventudvallekas.com\/#organization","name":"JUVENTUD VALLEKAS","url":"https:\/\/juventudvallekas.com\/","logo":{"@type":"ImageObject","inLanguage":"es","@id":"https:\/\/juventudvallekas.com\/#\/schema\/logo\/image\/","url":"http:\/\/juventudvallekas.com\/wp-content\/uploads\/2021\/01\/cropped-PRIM-COLOR-TRANSPARENTE.png","contentUrl":"http:\/\/juventudvallekas.com\/wp-content\/uploads\/2021\/01\/cropped-PRIM-COLOR-TRANSPARENTE.png","width":512,"height":512,"caption":"JUVENTUD VALLEKAS"},"image":{"@id":"https:\/\/juventudvallekas.com\/#\/schema\/logo\/image\/"},"sameAs":["https:\/\/x.com\/GuillenPrim","https:\/\/www.instagram.com\/epmiguelguillenprim\/?hl=es","https:\/\/www.youtube.com\/channel\/UCWEGj4-4BvuqM4M3KmCPM6Q"]}]}},"_links":{"self":[{"href":"https:\/\/juventudvallekas.com\/index.php\/wp-json\/wp\/v2\/pages\/494","targetHints":{"allow":["GET"]}}],"collection":[{"href":"https:\/\/juventudvallekas.com\/index.php\/wp-json\/wp\/v2\/pages"}],"about":[{"href":"https:\/\/juventudvallekas.com\/index.php\/wp-json\/wp\/v2\/types\/page"}],"author":[{"embeddable":true,"href":"https:\/\/juventudvallekas.com\/index.php\/wp-json\/wp\/v2\/users\/1"}],"replies":[{"embeddable":true,"href":"https:\/\/juventudvallekas.com\/index.php\/wp-json\/wp\/v2\/comments?post=494"}],"version-history":[{"count":6,"href":"https:\/\/juventudvallekas.com\/index.php\/wp-json\/wp\/v2\/pages\/494\/revisions"}],"predecessor-version":[{"id":505,"href":"https:\/\/juventudvallekas.com\/index.php\/wp-json\/wp\/v2\/pages\/494\/revisions\/505"}],"wp:attachment":[{"href":"https:\/\/juventudvallekas.com\/index.php\/wp-json\/wp\/v2\/media?parent=494"}],"curies":[{"name":"wp","href":"https:\/\/api.w.org\/{rel}","templated":true}]}}